{"id":117,"date":"2024-08-01T20:21:52","date_gmt":"2024-08-01T18:21:52","guid":{"rendered":"https:\/\/fsys.cz\/bin\/jazykovaskolatyn.cz\/?page_id=117"},"modified":"2024-09-24T18:43:18","modified_gmt":"2024-09-24T16:43:18","slug":"domu-copy-5-copy-2","status":"publish","type":"page","link":"https:\/\/jazykovaskolatyn.cz\/?page_id=117","title":{"rendered":"Zku\u0161enosti"},"content":{"rendered":"\n\n\tJi\u017e n\u011bkolik let m\u00e1me zku\u0161enosti s online v\u00fdukou. Vyu\u010dujeme individu\u00e1ln\u00ed i skupinov\u00e9 lekce.<br \/>\n25 let p\u016fsob\u00edme na Jadern\u00e9 elektr\u00e1rn\u011b Temel\u00edn. Mezi na\u0161e klienty b\u011bhem let na\u0161\u00ed \u010dinnosti byly anebo st\u00e1le jsou spole\u010dnosti Microna a.s, Laufen s.r.o., Micro &#8211; Epsilon s.r.o. Bechyn\u011b, I&amp;C Energo a.s., Afras Energo a.s., VF Nuclear a.s., V\u00daJE \u010cR s.r.o., \u010cEZ energoservis aj.\n<p>J\u00e1drem na\u0161eho t\u00fdmu jsou man\u017eel\u00e9 Michael (anglick\u00fd jazyk) a Magda Zatloukalovi (anglick\u00fd a n\u011bmeck\u00fd jazyk).<\/p>\n<p>V p\u0159\u00edpad\u011b jak\u00fdchkoliv dotaz\u016f n\u00e1s nev\u00e1hejte kontaktovat.<\/p>\n\t<p>\u010cEZ a.s.<\/p>\n<p>VF Nuclear a.s.<\/p>\n\t<p>\u0160KODA JS a.s.<\/p>\n<p>V\u00daJE \u010cR s.r.o.<\/p>\n\t<p>\u0160KODA PLZE\u0147 a.s.<\/p>\n<p>Microna a.s.<\/p>\n\t<p>LAUFEN s.r.o.<\/p>\n<p>Micro-Epsilon s.r.o.<\/p>\n\t<p>I&amp;C Energo a.s.<\/p>\n<p>Martia a.s.<\/p>\n\t<p>\u010cEZ Energoservis s.r.o.<\/p>\n<p>Wienerberger s.r.o.<\/p>\n\t<p>a dal\u0161\u00ed&#8230;<\/p>\n\n","protected":false},"excerpt":{"rendered":"<p>Ji\u017e n\u011bkolik let m\u00e1me zku\u0161enosti s online v\u00fdukou. Vyu\u010dujeme individu\u00e1ln\u00ed i skupinov\u00e9 lekce. 25 let p\u016fsob\u00edme na Jadern\u00e9 elektr\u00e1rn\u011b Temel\u00edn. Mezi na\u0161e klienty b\u011bhem let na\u0161\u00ed \u010dinnosti byly anebo st\u00e1le jsou spole\u010dnosti Microna a.s, Laufen s.r.o., Micro &#8211; Epsilon s.r.o. Bechyn\u011b, I&amp;C Energo a.s., Afras Energo a.s., VF Nuclear a.s., V\u00daJE \u010cR s.r.o., \u010cEZ energoservis [&hellip;]<\/p>\n","protected":false},"author":1,"featured_media":0,"parent":0,"menu_order":0,"comment_status":"closed","ping_status":"closed","template":"","meta":{"footnotes":""},"class_list":["post-117","page","type-page","status-publish","hentry","wpbf-post"],"_links":{"self":[{"href":"https:\/\/jazykovaskolatyn.cz\/index.php?rest_route=\/wp\/v2\/pages\/117","targetHints":{"allow":["GET"]}}],"collection":[{"href":"https:\/\/jazykovaskolatyn.cz\/index.php?rest_route=\/wp\/v2\/pages"}],"about":[{"href":"https:\/\/jazykovaskolatyn.cz\/index.php?rest_route=\/wp\/v2\/types\/page"}],"author":[{"embeddable":true,"href":"https:\/\/jazykovaskolatyn.cz\/index.php?rest_route=\/wp\/v2\/users\/1"}],"replies":[{"embeddable":true,"href":"https:\/\/jazykovaskolatyn.cz\/index.php?rest_route=%2Fwp%2Fv2%2Fcomments&post=117"}],"version-history":[{"count":7,"href":"https:\/\/jazykovaskolatyn.cz\/index.php?rest_route=\/wp\/v2\/pages\/117\/revisions"}],"predecessor-version":[{"id":199,"href":"https:\/\/jazykovaskolatyn.cz\/index.php?rest_route=\/wp\/v2\/pages\/117\/revisions\/199"}],"wp:attachment":[{"href":"https:\/\/jazykovaskolatyn.cz\/index.php?rest_route=%2Fwp%2Fv2%2Fmedia&parent=117"}],"curies":[{"name":"wp","href":"https:\/\/api.w.org\/{rel}","templated":true}]}}