{"id":14,"date":"2024-05-09T20:41:23","date_gmt":"2024-05-09T18:41:23","guid":{"rendered":"https:\/\/fsys.cz\/bin\/jazykovaskolatyn.cz\/?page_id=14"},"modified":"2025-09-01T20:59:16","modified_gmt":"2025-09-01T18:59:16","slug":"domu","status":"publish","type":"page","link":"https:\/\/jazykovaskolatyn.cz\/","title":{"rendered":"Dom\u016f"},"content":{"rendered":"\n\n\tJazykov\u00e1 \u0161kola<br \/>\nM&amp;M Zatloukalovi\n\t<h5>Angli\u010dtina<\/h5>V na\u0161\u00ed jazykov\u00e9 \u0161kole v T\u00fdn\u011b nad Vltavou<br \/>\nU v\u00e1s ve firm\u011b<br \/>\nIndividu\u00e1ln\u00ed lekce<br \/>\nSkupinov\u00e1 v\u00fduka 5 a\u017e 8 osob<br \/>\n\n\t<h5>Jadern\u00e1 Elektr\u00e1rna Temel\u00edn<\/h5>Individu\u00e1ln\u00ed lekce<br \/>\nSkupinov\u00e1 v\u00fduka<br \/>\n\n\t<h5>Online kurzy<\/h5>\nIndividu\u00e1ln\u00ed video kurzy<br \/>\nSkupinov\u00e9 videokurzy (do 6 osob)<br \/>\nP\u0159\u00edprava na maturitu ve skupin\u011b<br \/>\nPou\u017e\u00edv\u00e1me Teams Zoom Skype\n\t<h5>P\u0159\u00edprava na Maturitu<\/h5>Kurzy v na\u0161\u00ed jazykov\u00e9 \u0161kole<br \/>\nOnline kurzy angli\u010dtiny<br \/>\nMal\u00e1 skupina<br \/>\nPodobn\u00e1 \u00farove\u0148<br \/>\nPou\u017e\u00edv\u00e1me Teams Zoom Skype\n\t<h5>25 let zku\u0161enost\u00ed<\/h5>\t\n\t<h5>N\u011bm\u010dina<\/h5>V na\u0161\u00ed jazykov\u00e9 \u0161kole v T\u00fdn\u011b nad Vltavou<br \/>\nU v\u00e1s ve firm\u011b<br \/>\nIndividu\u00e1ln\u00ed lekce\n\t<p>\u010cEZ a.s.<\/p>\n<p>VF Nuclear a.s.<\/p>\n\t<p>\u0160KODA JS a.s.<\/p>\n<p>V\u00daJE \u010cR s.r.o.<\/p>\n\t<p>\u0160KODA PLZE\u0147 a.s.<\/p>\n<p>Microna a.s.<\/p>\n\t<p>LAUFEN s.r.o.<\/p>\n<p>Micro-Epsilon s.r.o.<\/p>\n\t<p>I&amp;C Energo a.s.<\/p>\n<p>Martia a.s.<\/p>\n\t<p>\u010cEZ Energoservis s.r.o.<\/p>\n<p>Wienerberger s.r.o.<\/p>\n\t<p>a dal\u0161\u00ed&#8230;<\/p>\n\t<strong>Michael Zatloukal<\/strong><br \/>\n<strong>Angli\u010dtina<\/strong><br \/>\n<strong>Tel: 730 626 823<\/strong><br \/>\n<strong>zatloukalmichael@seznam.cz<\/strong>\n\t<strong>Jazykov\u00e1 \u0161kola M&amp;M Zatloukalovi<br \/>\nT\u00fdn nad Vltavou<\/strong><br \/>\nN\u00e1m\u011bst\u00ed Ml\u00e1de\u017ee 670<br \/>\nHlinky ( vedle veterin\u00e1\u0159e)<br \/>\n375 01 T\u00fdn nad Vltavou<strong><br \/>\nAngli\u010dtina JETE<br \/>\nAngli\u010dtina\u00a0JE\u00a0Temel\u00edn<br \/>\n<\/strong>\n\t<strong>Magdal\u00e9na Zatloukalov\u00e1<\/strong><br \/>\n<strong>Angli\u010dtina N\u011bm\u010dina online v\u00fduka<\/strong><br \/>\n<strong>tel: 608 527 712<\/strong>\n\n","protected":false},"excerpt":{"rendered":"<p>Jazykov\u00e1 \u0161kola M&amp;M Zatloukalovi Angli\u010dtina V na\u0161\u00ed jazykov\u00e9 \u0161kole v T\u00fdn\u011b nad Vltavou U v\u00e1s ve firm\u011b Individu\u00e1ln\u00ed lekce Skupinov\u00e1 v\u00fduka 5 a\u017e 8 osob Jadern\u00e1 Elektr\u00e1rna Temel\u00edn Individu\u00e1ln\u00ed lekce Skupinov\u00e1 v\u00fduka Online kurzy Individu\u00e1ln\u00ed video kurzy Skupinov\u00e9 videokurzy (do 6 osob) P\u0159\u00edprava na maturitu ve skupin\u011b Pou\u017e\u00edv\u00e1me Teams Zoom Skype P\u0159\u00edprava na Maturitu Kurzy [&hellip;]<\/p>\n","protected":false},"author":1,"featured_media":0,"parent":0,"menu_order":0,"comment_status":"closed","ping_status":"closed","template":"","meta":{"footnotes":""},"class_list":["post-14","page","type-page","status-publish","hentry","wpbf-post"],"_links":{"self":[{"href":"https:\/\/jazykovaskolatyn.cz\/index.php?rest_route=\/wp\/v2\/pages\/14","targetHints":{"allow":["GET"]}}],"collection":[{"href":"https:\/\/jazykovaskolatyn.cz\/index.php?rest_route=\/wp\/v2\/pages"}],"about":[{"href":"https:\/\/jazykovaskolatyn.cz\/index.php?rest_route=\/wp\/v2\/types\/page"}],"author":[{"embeddable":true,"href":"https:\/\/jazykovaskolatyn.cz\/index.php?rest_route=\/wp\/v2\/users\/1"}],"replies":[{"embeddable":true,"href":"https:\/\/jazykovaskolatyn.cz\/index.php?rest_route=%2Fwp%2Fv2%2Fcomments&post=14"}],"version-history":[{"count":42,"href":"https:\/\/jazykovaskolatyn.cz\/index.php?rest_route=\/wp\/v2\/pages\/14\/revisions"}],"predecessor-version":[{"id":228,"href":"https:\/\/jazykovaskolatyn.cz\/index.php?rest_route=\/wp\/v2\/pages\/14\/revisions\/228"}],"wp:attachment":[{"href":"https:\/\/jazykovaskolatyn.cz\/index.php?rest_route=%2Fwp%2Fv2%2Fmedia&parent=14"}],"curies":[{"name":"wp","href":"https:\/\/api.w.org\/{rel}","templated":true}]}}