{"id":31,"date":"2024-05-16T18:15:55","date_gmt":"2024-05-16T16:15:55","guid":{"rendered":"https:\/\/fsys.cz\/bin\/jazykovaskolatyn.cz\/?page_id=31"},"modified":"2024-08-14T18:38:58","modified_gmt":"2024-08-14T16:38:58","slug":"domu-copy-3","status":"publish","type":"page","link":"https:\/\/jazykovaskolatyn.cz\/?page_id=31","title":{"rendered":"Maturita"},"content":{"rendered":"\n<h1>\n\t\tP\u0159\u00edprava na Maturitu\n\t<\/h1>\n\t<h3>Online kurz angli\u010dtiny<\/h3>\n\tMal\u00e1 skupina<br \/>\nPodobn\u00e1 \u00farove\u0148<br \/>\nPou\u017e\u00edv\u00e1me Skype Teams Zoom\n\n","protected":false},"excerpt":{"rendered":"<p>P\u0159\u00edprava na Maturitu Online kurz angli\u010dtiny Mal\u00e1 skupina Podobn\u00e1 \u00farove\u0148 Pou\u017e\u00edv\u00e1me Skype Teams Zoom<\/p>\n","protected":false},"author":1,"featured_media":0,"parent":0,"menu_order":0,"comment_status":"closed","ping_status":"closed","template":"","meta":{"footnotes":""},"class_list":["post-31","page","type-page","status-publish","hentry","wpbf-post"],"_links":{"self":[{"href":"https:\/\/jazykovaskolatyn.cz\/index.php?rest_route=\/wp\/v2\/pages\/31","targetHints":{"allow":["GET"]}}],"collection":[{"href":"https:\/\/jazykovaskolatyn.cz\/index.php?rest_route=\/wp\/v2\/pages"}],"about":[{"href":"https:\/\/jazykovaskolatyn.cz\/index.php?rest_route=\/wp\/v2\/types\/page"}],"author":[{"embeddable":true,"href":"https:\/\/jazykovaskolatyn.cz\/index.php?rest_route=\/wp\/v2\/users\/1"}],"replies":[{"embeddable":true,"href":"https:\/\/jazykovaskolatyn.cz\/index.php?rest_route=%2Fwp%2Fv2%2Fcomments&post=31"}],"version-history":[{"count":6,"href":"https:\/\/jazykovaskolatyn.cz\/index.php?rest_route=\/wp\/v2\/pages\/31\/revisions"}],"predecessor-version":[{"id":142,"href":"https:\/\/jazykovaskolatyn.cz\/index.php?rest_route=\/wp\/v2\/pages\/31\/revisions\/142"}],"wp:attachment":[{"href":"https:\/\/jazykovaskolatyn.cz\/index.php?rest_route=%2Fwp%2Fv2%2Fmedia&parent=31"}],"curies":[{"name":"wp","href":"https:\/\/api.w.org\/{rel}","templated":true}]}}