{"id":33,"date":"2024-05-16T18:16:22","date_gmt":"2024-05-16T16:16:22","guid":{"rendered":"https:\/\/fsys.cz\/bin\/jazykovaskolatyn.cz\/?page_id=33"},"modified":"2025-08-25T21:13:44","modified_gmt":"2025-08-25T19:13:44","slug":"domu-copy-4","status":"publish","type":"page","link":"https:\/\/jazykovaskolatyn.cz\/?page_id=33","title":{"rendered":"Cen\u00edk"},"content":{"rendered":"\n<h1>\n\t\tCen\u00edk\n\t<\/h1>\n\t<table border=\"0\" cellspacing=\"0\" cellpadding=\"0\">\n<tbody>\n<tr>\n<th>Cena jazykov\u00e9h\u00e9ho kurzu<br \/>\nkurz obn\u00e1\u0161\u00ed 17\u00a0 devades\u00e1timinutov\u00fdch blok\u016f v\u00fduky<br \/>\np\u0159i minim\u00e1ln\u00edm po\u010dtu \u00fa\u010dastn\u00edk\u016f 5 osob<\/th>\n<td>3500 &#8211; 4000 K\u010d<\/td>\n<\/tr>\n<tr>\n<th>Individu\u00e1ln\u00ed v\u00fduka 60 minut<\/th>\n<td>500 K\u010d<\/td>\n<\/tr>\n<tr>\n\n\n<\/tr>\n<tr>\n<th>V\u00ddUKA VE FIRM\u00c1CH<\/th>\n\n<\/tr>\n<tr>\n<th>60 minut individu\u00e1ln\u00ed v\u00fduky<\/th>\n<td>500 K\u010d<\/td>\n<\/tr>\n<tr>\n<th>90 minut individu\u00e1ln\u00ed v\u00fduky<\/th>\n<td>700 K\u010d<\/td>\n<\/tr>\n<\/tbody>\n<\/table>\n\n","protected":false},"excerpt":{"rendered":"<p>Cen\u00edk Cena jazykov\u00e9h\u00e9ho kurzu kurz obn\u00e1\u0161\u00ed 17\u00a0 devades\u00e1timinutov\u00fdch blok\u016f v\u00fduky p\u0159i minim\u00e1ln\u00edm po\u010dtu \u00fa\u010dastn\u00edk\u016f 5 osob 3500 &#8211; 4000 K\u010d Individu\u00e1ln\u00ed v\u00fduka 60 minut 500 K\u010d V\u00ddUKA VE FIRM\u00c1CH 60 minut individu\u00e1ln\u00ed v\u00fduky 500 K\u010d 90 minut individu\u00e1ln\u00ed v\u00fduky 700 K\u010d<\/p>\n","protected":false},"author":1,"featured_media":0,"parent":0,"menu_order":0,"comment_status":"closed","ping_status":"closed","template":"","meta":{"footnotes":""},"class_list":["post-33","page","type-page","status-publish","hentry","wpbf-post"],"_links":{"self":[{"href":"https:\/\/jazykovaskolatyn.cz\/index.php?rest_route=\/wp\/v2\/pages\/33","targetHints":{"allow":["GET"]}}],"collection":[{"href":"https:\/\/jazykovaskolatyn.cz\/index.php?rest_route=\/wp\/v2\/pages"}],"about":[{"href":"https:\/\/jazykovaskolatyn.cz\/index.php?rest_route=\/wp\/v2\/types\/page"}],"author":[{"embeddable":true,"href":"https:\/\/jazykovaskolatyn.cz\/index.php?rest_route=\/wp\/v2\/users\/1"}],"replies":[{"embeddable":true,"href":"https:\/\/jazykovaskolatyn.cz\/index.php?rest_route=%2Fwp%2Fv2%2Fcomments&post=33"}],"version-history":[{"count":10,"href":"https:\/\/jazykovaskolatyn.cz\/index.php?rest_route=\/wp\/v2\/pages\/33\/revisions"}],"predecessor-version":[{"id":221,"href":"https:\/\/jazykovaskolatyn.cz\/index.php?rest_route=\/wp\/v2\/pages\/33\/revisions\/221"}],"wp:attachment":[{"href":"https:\/\/jazykovaskolatyn.cz\/index.php?rest_route=%2Fwp%2Fv2%2Fmedia&parent=33"}],"curies":[{"name":"wp","href":"https:\/\/api.w.org\/{rel}","templated":true}]}}