{"id":35,"date":"2024-05-16T18:17:05","date_gmt":"2024-05-16T16:17:05","guid":{"rendered":"https:\/\/fsys.cz\/bin\/jazykovaskolatyn.cz\/?page_id=35"},"modified":"2024-08-20T21:40:49","modified_gmt":"2024-08-20T19:40:49","slug":"domu-copy-5","status":"publish","type":"page","link":"https:\/\/jazykovaskolatyn.cz\/?page_id=35","title":{"rendered":"O n\u00e1s"},"content":{"rendered":"\n\n\tJsme jazykov\u00e1 \u0161kola p\u016fsob\u00edc\u00ed v T\u00fdn\u011b nad Vltavou od roku 1999. U\u010d\u00edme v na\u0161\u00ed jazykov\u00e9 u\u010debn\u011b v T\u00fdn\u011b nad Vltavou a ve firm\u00e1ch. Po\u0159\u00e1d\u00e1me ve\u010dern\u00ed jazykov\u00e9 kurzy pro ve\u0159ejnost, vyu\u010dujeme individu\u00e1ln\u011b a poskytujeme t\u00e9\u017e v\u00fduku ve firm\u00e1ch.<br \/>\nJi\u017e n\u011bkolik let m\u00e1me zku\u0161enosti s online v\u00fdukou. Vyu\u010dujeme individu\u00e1ln\u00ed i skupinov\u00e9 lekce.\n<p>25 let p\u016fsob\u00edme na Jadern\u00e9 elektr\u00e1rn\u011b Temel\u00edn. Mezi na\u0161e klienty b\u011bhem let na\u0161\u00ed \u010dinnosti byly anebo st\u00e1le jsou spole\u010dnosti Microna a.s, Laufen s.r.o., Micro &#8211; Epsilon s.r.o. Bechyn\u011b, I&amp;C Energo a.s., Afras Energo a.s., VF Nuclear a.s., V\u00daJE \u010cR s.r.o., \u010cEZ energoservis s.r.o. aj.<\/p>\n<p>J\u00e1drem na\u0161eho t\u00fdmu jsou man\u017eel\u00e9 Michael (anglick\u00fd jazyk) a Magda Zatloukalovi (anglick\u00fd a n\u011bmeck\u00fd jazyk).<\/p>\n<p>V p\u0159\u00edpad\u011b jak\u00fdchkoliv dotaz\u016f n\u00e1s nev\u00e1hejte kontaktovat.<\/p>\n\n","protected":false},"excerpt":{"rendered":"<p>Jsme jazykov\u00e1 \u0161kola p\u016fsob\u00edc\u00ed v T\u00fdn\u011b nad Vltavou od roku 1999. U\u010d\u00edme v na\u0161\u00ed jazykov\u00e9 u\u010debn\u011b v T\u00fdn\u011b nad Vltavou a ve firm\u00e1ch. Po\u0159\u00e1d\u00e1me ve\u010dern\u00ed jazykov\u00e9 kurzy pro ve\u0159ejnost, vyu\u010dujeme individu\u00e1ln\u011b a poskytujeme t\u00e9\u017e v\u00fduku ve firm\u00e1ch. Ji\u017e n\u011bkolik let m\u00e1me zku\u0161enosti s online v\u00fdukou. Vyu\u010dujeme individu\u00e1ln\u00ed i skupinov\u00e9 lekce. 25 let p\u016fsob\u00edme na Jadern\u00e9 [&hellip;]<\/p>\n","protected":false},"author":1,"featured_media":0,"parent":0,"menu_order":0,"comment_status":"closed","ping_status":"closed","template":"","meta":{"footnotes":""},"class_list":["post-35","page","type-page","status-publish","hentry","wpbf-post"],"_links":{"self":[{"href":"https:\/\/jazykovaskolatyn.cz\/index.php?rest_route=\/wp\/v2\/pages\/35","targetHints":{"allow":["GET"]}}],"collection":[{"href":"https:\/\/jazykovaskolatyn.cz\/index.php?rest_route=\/wp\/v2\/pages"}],"about":[{"href":"https:\/\/jazykovaskolatyn.cz\/index.php?rest_route=\/wp\/v2\/types\/page"}],"author":[{"embeddable":true,"href":"https:\/\/jazykovaskolatyn.cz\/index.php?rest_route=\/wp\/v2\/users\/1"}],"replies":[{"embeddable":true,"href":"https:\/\/jazykovaskolatyn.cz\/index.php?rest_route=%2Fwp%2Fv2%2Fcomments&post=35"}],"version-history":[{"count":11,"href":"https:\/\/jazykovaskolatyn.cz\/index.php?rest_route=\/wp\/v2\/pages\/35\/revisions"}],"predecessor-version":[{"id":171,"href":"https:\/\/jazykovaskolatyn.cz\/index.php?rest_route=\/wp\/v2\/pages\/35\/revisions\/171"}],"wp:attachment":[{"href":"https:\/\/jazykovaskolatyn.cz\/index.php?rest_route=%2Fwp%2Fv2%2Fmedia&parent=35"}],"curies":[{"name":"wp","href":"https:\/\/api.w.org\/{rel}","templated":true}]}}